{"id":1170,"date":"2023-08-19T17:59:38","date_gmt":"2023-08-19T08:59:38","guid":{"rendered":"https:\/\/huongvietjp.com\/?post_type=product&#038;p=1170"},"modified":"2026-05-16T02:53:37","modified_gmt":"2026-05-15T17:53:37","slug":"ca-ro-phi-sot-ca-chua","status":"publish","type":"product","link":"https:\/\/huongvietvn.com\/ja\/product\/ca-ro-phi-sot-ca-chua\/","title":{"rendered":"C\u00e1 r\u00f4 ph\u00ed s\u1ed1t c\u00e0 chua"},"content":{"rendered":"<p><img loading=\"lazy\" decoding=\"async\" class=\"alignnone size-full wp-image-1171\" src=\"https:\/\/huongvietjp.com\/wp-content\/uploads\/2023\/08\/ca-ro-phi-sot-ca-chua.jpg\" alt=\"\" width=\"432\" height=\"311\" data-wp-pid=\"1171\" \/><\/p>","protected":false},"excerpt":{"rendered":"","protected":false},"featured_media":2404,"comment_status":"open","ping_status":"closed","template":"","meta":[],"product_brand":[],"product_cat":[43],"product_tag":[],"class_list":{"0":"post-1170","1":"product","2":"type-product","3":"status-publish","4":"has-post-thumbnail","6":"product_cat-mon-dat-truoc","8":"first","9":"instock","10":"taxable","11":"shipping-taxable","12":"purchasable","13":"product-type-simple"},"_links":{"self":[{"href":"https:\/\/huongvietvn.com\/ja\/wp-json\/wp\/v2\/product\/1170","targetHints":{"allow":["GET"]}}],"collection":[{"href":"https:\/\/huongvietvn.com\/ja\/wp-json\/wp\/v2\/product"}],"about":[{"href":"https:\/\/huongvietvn.com\/ja\/wp-json\/wp\/v2\/types\/product"}],"replies":[{"embeddable":true,"href":"https:\/\/huongvietvn.com\/ja\/wp-json\/wp\/v2\/comments?post=1170"}],"wp:featuredmedia":[{"embeddable":true,"href":"https:\/\/huongvietvn.com\/ja\/wp-json\/wp\/v2\/media\/2404"}],"wp:attachment":[{"href":"https:\/\/huongvietvn.com\/ja\/wp-json\/wp\/v2\/media?parent=1170"}],"wp:term":[{"taxonomy":"product_brand","embeddable":true,"href":"https:\/\/huongvietvn.com\/ja\/wp-json\/wp\/v2\/product_brand?post=1170"},{"taxonomy":"product_cat","embeddable":true,"href":"https:\/\/huongvietvn.com\/ja\/wp-json\/wp\/v2\/product_cat?post=1170"},{"taxonomy":"product_tag","embeddable":true,"href":"https:\/\/huongvietvn.com\/ja\/wp-json\/wp\/v2\/product_tag?post=1170"}],"curies":[{"name":"wp","href":"https:\/\/api.w.org\/{rel}","templated":true}]}}