{"id":1146,"date":"2023-08-19T17:10:06","date_gmt":"2023-08-19T08:10:06","guid":{"rendered":"https:\/\/huongvietjp.com\/?post_type=product&#038;p=1146"},"modified":"2026-05-16T02:54:37","modified_gmt":"2026-05-15T17:54:37","slug":"bo-xao-hanh-nam","status":"publish","type":"product","link":"https:\/\/huongvietvn.com\/ja\/product\/bo-xao-hanh-nam\/","title":{"rendered":"B\u00f2 x\u00e0o h\u00e0nh n\u1ea5m"},"content":{"rendered":"<p><img loading=\"lazy\" decoding=\"async\" class=\"alignnone size-full wp-image-1147\" src=\"https:\/\/huongvietjp.com\/wp-content\/uploads\/2023\/08\/bo-xao-hanh-nam.jpg\" alt=\"\" width=\"419\" height=\"277\" data-wp-pid=\"1147\" \/><\/p>","protected":false},"excerpt":{"rendered":"","protected":false},"featured_media":2399,"comment_status":"open","ping_status":"closed","template":"","meta":[],"product_brand":[],"product_cat":[42],"product_tag":[],"class_list":{"0":"post-1146","1":"product","2":"type-product","3":"status-publish","4":"has-post-thumbnail","6":"product_cat-bo-de-heo","8":"first","9":"instock","10":"taxable","11":"shipping-taxable","12":"purchasable","13":"product-type-simple"},"_links":{"self":[{"href":"https:\/\/huongvietvn.com\/ja\/wp-json\/wp\/v2\/product\/1146","targetHints":{"allow":["GET"]}}],"collection":[{"href":"https:\/\/huongvietvn.com\/ja\/wp-json\/wp\/v2\/product"}],"about":[{"href":"https:\/\/huongvietvn.com\/ja\/wp-json\/wp\/v2\/types\/product"}],"replies":[{"embeddable":true,"href":"https:\/\/huongvietvn.com\/ja\/wp-json\/wp\/v2\/comments?post=1146"}],"wp:featuredmedia":[{"embeddable":true,"href":"https:\/\/huongvietvn.com\/ja\/wp-json\/wp\/v2\/media\/2399"}],"wp:attachment":[{"href":"https:\/\/huongvietvn.com\/ja\/wp-json\/wp\/v2\/media?parent=1146"}],"wp:term":[{"taxonomy":"product_brand","embeddable":true,"href":"https:\/\/huongvietvn.com\/ja\/wp-json\/wp\/v2\/product_brand?post=1146"},{"taxonomy":"product_cat","embeddable":true,"href":"https:\/\/huongvietvn.com\/ja\/wp-json\/wp\/v2\/product_cat?post=1146"},{"taxonomy":"product_tag","embeddable":true,"href":"https:\/\/huongvietvn.com\/ja\/wp-json\/wp\/v2\/product_tag?post=1146"}],"curies":[{"name":"wp","href":"https:\/\/api.w.org\/{rel}","templated":true}]}}