{"id":1101,"date":"2023-08-19T15:37:51","date_gmt":"2023-08-19T06:37:51","guid":{"rendered":"https:\/\/huongvietjp.com\/?post_type=product&#038;p=1101"},"modified":"2026-05-16T02:56:14","modified_gmt":"2026-05-15T17:56:14","slug":"canh-ga-chien-mam","status":"publish","type":"product","link":"https:\/\/huongvietvn.com\/ja\/product\/canh-ga-chien-mam\/","title":{"rendered":"c\u00e1nh g\u00e0 chi\u00ean m\u1eafm"},"content":{"rendered":"<p><img loading=\"lazy\" decoding=\"async\" class=\"alignnone size-medium wp-image-1103\" src=\"https:\/\/huongvietjp.com\/wp-content\/uploads\/2023\/08\/Canh-ga-chien-mam-675x441.jpg\" alt=\"\" width=\"675\" height=\"441\" data-wp-pid=\"1103\" \/><\/p>","protected":false},"excerpt":{"rendered":"","protected":false},"featured_media":2342,"comment_status":"open","ping_status":"closed","template":"","meta":[],"product_brand":[],"product_cat":[37],"product_tag":[],"class_list":{"0":"post-1101","1":"product","2":"type-product","3":"status-publish","4":"has-post-thumbnail","6":"product_cat-ech-ga-vit","8":"first","9":"instock","10":"taxable","11":"shipping-taxable","12":"purchasable","13":"product-type-simple"},"_links":{"self":[{"href":"https:\/\/huongvietvn.com\/ja\/wp-json\/wp\/v2\/product\/1101","targetHints":{"allow":["GET"]}}],"collection":[{"href":"https:\/\/huongvietvn.com\/ja\/wp-json\/wp\/v2\/product"}],"about":[{"href":"https:\/\/huongvietvn.com\/ja\/wp-json\/wp\/v2\/types\/product"}],"replies":[{"embeddable":true,"href":"https:\/\/huongvietvn.com\/ja\/wp-json\/wp\/v2\/comments?post=1101"}],"wp:featuredmedia":[{"embeddable":true,"href":"https:\/\/huongvietvn.com\/ja\/wp-json\/wp\/v2\/media\/2342"}],"wp:attachment":[{"href":"https:\/\/huongvietvn.com\/ja\/wp-json\/wp\/v2\/media?parent=1101"}],"wp:term":[{"taxonomy":"product_brand","embeddable":true,"href":"https:\/\/huongvietvn.com\/ja\/wp-json\/wp\/v2\/product_brand?post=1101"},{"taxonomy":"product_cat","embeddable":true,"href":"https:\/\/huongvietvn.com\/ja\/wp-json\/wp\/v2\/product_cat?post=1101"},{"taxonomy":"product_tag","embeddable":true,"href":"https:\/\/huongvietvn.com\/ja\/wp-json\/wp\/v2\/product_tag?post=1101"}],"curies":[{"name":"wp","href":"https:\/\/api.w.org\/{rel}","templated":true}]}}