{"id":1057,"date":"2023-08-19T13:18:00","date_gmt":"2023-08-19T04:18:00","guid":{"rendered":"https:\/\/huongvietjp.com\/?post_type=product&#038;p=1057"},"modified":"2026-05-16T01:49:56","modified_gmt":"2026-05-15T16:49:56","slug":"tom-chien-xu","status":"publish","type":"product","link":"https:\/\/huongvietvn.com\/ja\/product\/tom-chien-xu\/","title":{"rendered":"T\u00f4m chi\u00ean x\u00f9\u3000\uff08\u30a8\u30d3\u30d5\u30e9\u30a4\uff09"},"content":{"rendered":"<p><img loading=\"lazy\" decoding=\"async\" class=\"alignnone size-full wp-image-1058\" src=\"https:\/\/huongvietjp.com\/wp-content\/uploads\/2023\/08\/tom-chien-xu.jpg\" alt=\"\" width=\"521\" height=\"332\" data-wp-pid=\"1058\" \/><\/p>","protected":false},"excerpt":{"rendered":"","protected":false},"featured_media":2371,"comment_status":"open","ping_status":"closed","template":"","meta":[],"product_brand":[],"product_cat":[38],"product_tag":[],"class_list":{"0":"post-1057","1":"product","2":"type-product","3":"status-publish","4":"has-post-thumbnail","6":"product_cat-haisan-seafood","8":"first","9":"instock","10":"taxable","11":"shipping-taxable","12":"purchasable","13":"product-type-simple"},"_links":{"self":[{"href":"https:\/\/huongvietvn.com\/ja\/wp-json\/wp\/v2\/product\/1057","targetHints":{"allow":["GET"]}}],"collection":[{"href":"https:\/\/huongvietvn.com\/ja\/wp-json\/wp\/v2\/product"}],"about":[{"href":"https:\/\/huongvietvn.com\/ja\/wp-json\/wp\/v2\/types\/product"}],"replies":[{"embeddable":true,"href":"https:\/\/huongvietvn.com\/ja\/wp-json\/wp\/v2\/comments?post=1057"}],"wp:featuredmedia":[{"embeddable":true,"href":"https:\/\/huongvietvn.com\/ja\/wp-json\/wp\/v2\/media\/2371"}],"wp:attachment":[{"href":"https:\/\/huongvietvn.com\/ja\/wp-json\/wp\/v2\/media?parent=1057"}],"wp:term":[{"taxonomy":"product_brand","embeddable":true,"href":"https:\/\/huongvietvn.com\/ja\/wp-json\/wp\/v2\/product_brand?post=1057"},{"taxonomy":"product_cat","embeddable":true,"href":"https:\/\/huongvietvn.com\/ja\/wp-json\/wp\/v2\/product_cat?post=1057"},{"taxonomy":"product_tag","embeddable":true,"href":"https:\/\/huongvietvn.com\/ja\/wp-json\/wp\/v2\/product_tag?post=1057"}],"curies":[{"name":"wp","href":"https:\/\/api.w.org\/{rel}","templated":true}]}}