{"id":1025,"date":"2023-08-19T12:24:37","date_gmt":"2023-08-19T03:24:37","guid":{"rendered":"https:\/\/huongvietjp.com\/?post_type=product&#038;p=1025"},"modified":"2026-05-16T01:49:56","modified_gmt":"2026-05-15T16:49:56","slug":"my-tom-xao-bo-hoac-hai-san","status":"publish","type":"product","link":"https:\/\/huongvietvn.com\/ja\/product\/my-tom-xao-bo-hoac-hai-san\/","title":{"rendered":"M\u1ef3 t\u00f4m x\u00e0o b\u00f2 (ho\u1eb7c H\u1ea3i s\u1ea3n) \u725b\u8089\u7092\u3081\u30e9\u30fc\u30e1\u30f3(\u6d77\u9bae\u7092\u3081\u30e9\u30fc\u30e1\u30f3)"},"content":{"rendered":"<p><img loading=\"lazy\" decoding=\"async\" class=\"alignnone size-full wp-image-1026\" src=\"https:\/\/huongvietjp.com\/wp-content\/uploads\/2023\/08\/Anh-chup-man-hinh-2023-07-24-132333.jpg\" alt=\"\" width=\"388\" height=\"273\" data-wp-pid=\"1026\" \/><\/p>","protected":false},"excerpt":{"rendered":"","protected":false},"featured_media":0,"comment_status":"open","ping_status":"closed","template":"","meta":[],"product_brand":[],"product_cat":[15],"product_tag":[],"class_list":{"0":"post-1025","1":"product","2":"type-product","3":"status-publish","5":"product_cat-uncategorized","7":"first","8":"instock","9":"taxable","10":"shipping-taxable","11":"purchasable","12":"product-type-simple"},"_links":{"self":[{"href":"https:\/\/huongvietvn.com\/ja\/wp-json\/wp\/v2\/product\/1025","targetHints":{"allow":["GET"]}}],"collection":[{"href":"https:\/\/huongvietvn.com\/ja\/wp-json\/wp\/v2\/product"}],"about":[{"href":"https:\/\/huongvietvn.com\/ja\/wp-json\/wp\/v2\/types\/product"}],"replies":[{"embeddable":true,"href":"https:\/\/huongvietvn.com\/ja\/wp-json\/wp\/v2\/comments?post=1025"}],"wp:attachment":[{"href":"https:\/\/huongvietvn.com\/ja\/wp-json\/wp\/v2\/media?parent=1025"}],"wp:term":[{"taxonomy":"product_brand","embeddable":true,"href":"https:\/\/huongvietvn.com\/ja\/wp-json\/wp\/v2\/product_brand?post=1025"},{"taxonomy":"product_cat","embeddable":true,"href":"https:\/\/huongvietvn.com\/ja\/wp-json\/wp\/v2\/product_cat?post=1025"},{"taxonomy":"product_tag","embeddable":true,"href":"https:\/\/huongvietvn.com\/ja\/wp-json\/wp\/v2\/product_tag?post=1025"}],"curies":[{"name":"wp","href":"https:\/\/api.w.org\/{rel}","templated":true}]}}